{"id":745,"date":"2016-01-05T00:06:59","date_gmt":"2016-01-05T06:06:59","guid":{"rendered":"http:\/\/www.killertechwolf.com\/WordPressPages\/?page_id=745"},"modified":"2016-01-14T00:48:54","modified_gmt":"2016-01-14T06:48:54","slug":"bosnia-herzegovina","status":"publish","type":"page","link":"http:\/\/www.killertechwolf.com\/WordPressPages\/bosnia-herzegovina","title":{"rendered":"Bosnia &#038; Herzegovina"},"content":{"rendered":"<div id=\"pl-745\"  class=\"panel-layout\" ><div id=\"pg-745-0\"  class=\"panel-grid panel-has-style\" ><div class=\"siteorigin-panels-stretch panel-row-style panel-row-style-for-745-0\" data-stretch-type=\"full-stretched\" ><div id=\"pgc-745-0-0\"  class=\"panel-grid-cell\" ><div id=\"panel-745-0-0-0\" class=\"so-panel widget widget_text panel-first-child\" data-index=\"0\" ><div class=\"panel-widget-style panel-widget-style-for-745-0-0-0\" ><h3 class=\"widget-title\">Location<\/h3>\t\t\t<div class=\"textwidget\">Continent: Europa \n\n<br>\n<br>  <center>    Bosnia and Herzegovina, a country on the Balkan Peninsula in southeastern Europe, encompasses mountainous terrain, medieval villages and Muslim and Christian landmarks. Its countryside is marked by deep gorges, turquoise rivers and lakes, and the Dinaric Alps\u2019 forests and crags. It's a popular destination for outdoor sports such as hiking, mountain biking, white-water rafting and skiing.<br>\n<br>\nBosnia is located in the western Balkans, bordering Croatia (932 km or 579 mi) to the north and south-west, Serbia (302 km or 188 mi) to the east, and Montenegro (225 km or 140 mi) to the southeast. It lies between latitudes 42\u00b0 and 46\u00b0 N, and longitudes 15\u00b0 and 20\u00b0 E.<br>\n<br>\nThe country's name comes from the two regions Bosnia and Herzegovina, which have a very vaguely defined border between them. Bosnia occupies the northern areas which are roughly four-fifths of the entire country, while Herzegovina occupies the rest in the southern part of the country.<br>\n<br>\nThe country is mostly mountainous, encompassing the central Dinaric Alps. The northeastern parts reach into the Pannonian basin, while in the south it borders the Adriatic. The Dinaric Alps generally run in an east-west direction, and get higher towards the south. The highest point of the country is peak Magli\u0107 at 2,386 m, at the Montenegrin border. Major mountains include Kozara, Grme\u010d, Vla\u0161i\u0107, \u010cvrsnica, Prenj, Romanija, Jahorina, Bjela\u0161nica and Treskavica.<br>\n<br>\nOverall, close to 50% of Bosnia and Herzegovina is forested. Most forest areas are in Central, Eastern and Western parts of Bosnia. Herzegovina has drier Mediterranean climate, with dominant karst topography. Northern Bosnia (Posavina) contains very fertile agricultural land along the river Sava and the corresponding area is heavily farmed. This farmland is a part of the Parapannonian Plain stretching into neighboring Croatia and Serbia. The country has only 20 kilometres (12 miles) of coastline,[10][112] around the town of Neum in the Herzegovina-Neretva Canton. Although the city is surrounded by Croatian peninsulas, by the international law, Bosnia and Herzegovina has a right of passage to the outer sea.<br>\n<br>\n<\/center>\n<\/div>\n\t\t<\/div><\/div><div id=\"panel-745-0-0-1\" class=\"so-panel widget widget_text\" data-index=\"1\" ><div class=\"panel-widget-style panel-widget-style-for-745-0-0-1\" ><h3 class=\"widget-title\">Citys<\/h3>\t\t\t<div class=\"textwidget\">Capital: <a href=\"http:\/\/www.killertechwolf.com\/WordPressPages\/sarajevo\/\">Sarajevo<\/a><br>\n<br>\n<center>\nThe major cities are Sarajevo, Banja Luka in the northwest region known as Bosanska Krajina, Bijeljina and Tuzla in the northeast, Zenica and Doboj in the central part of Bosnia and Mostar, the largest city in Herzegovina.<br>\n<\/center>\n<\/div>\n\t\t<\/div><\/div><div id=\"panel-745-0-0-2\" class=\"so-panel widget widget_text\" data-index=\"2\" ><div class=\"panel-widget-style panel-widget-style-for-745-0-0-2\" >\t\t\t<div class=\"textwidget\"><div style=\"width:100%;\"><center><b>Sarjevo<\/b><\/center>\n<div class=\"row\" style=\" width: 100%; height: auto; margin-bottom:0px; \">\n\n<p style=\"width:33%; height: auto; float: left; \">\n\n<img decoding=\"async\"  class=\"popup\" \n    href=\" http:\/\/www.killertechwolf.com\/WordPressPages\/wp-content\/uploads\/2016\/01\/Sar1.jpg\"  \nstyle=\" \" border=\"0\" src=\" http:\/\/www.killertechwolf.com\/WordPressPages\/wp-content\/uploads\/2016\/01\/Sar1.jpg\" alt=\"Smiley\" width=\"100%\"  height=\"auto\" >\n\n<\/p>\n<p style=\"width:33%; height: auto; float: left; \">\n<img decoding=\"async\" class=\"popup\" \n    href=\" http:\/\/www.killertechwolf.com\/WordPressPages\/wp-content\/uploads\/2016\/01\/sar2.jpg\" style=\" \" border=\"0\" src=\" http:\/\/www.killertechwolf.com\/WordPressPages\/wp-content\/uploads\/2016\/01\/sar2.jpg\" alt=\"Smiley\" width=\"100%\"  height=\"auto\" >\n<\/p>\n<p style=\"width:33%; height: auto; float: left; \">\n<img decoding=\"async\" style=\" \" class=\"popup\" \n    href=\" http:\/\/www.killertechwolf.com\/WordPressPages\/wp-content\/uploads\/2016\/01\/sar3.jpg\" border=\"0\" src=\" http:\/\/www.killertechwolf.com\/WordPressPages\/wp-content\/uploads\/2016\/01\/sar3.jpg\" alt=\"Smiley\" width=\"100%\"  height=\"auto\" >\n<\/p>\n\n<\/div>\n\n<div class=\"row\" style=\"background-color: blue; width: 100%; height: auto; margin-top:0px;  \">\n\n<p style=\"width:33%; height: auto; float: left; \">\n<img decoding=\"async\" style=\" \" class=\"popup\" \n    href=\" http:\/\/www.killertechwolf.com\/WordPressPages\/wp-content\/uploads\/2016\/01\/sar4.jpg\" border=\"0\" src=\"http:\/\/www.killertechwolf.com\/WordPressPages\/wp-content\/uploads\/2016\/01\/sar4.jpg\" alt=\"Smiley\" width=\"100%\"  height=\"auto\" >\n\n\n<\/p>\n<p style=\"width:33%; height: auto; float: left; \">\n<img decoding=\"async\" class=\"popup\" \n    href=\" http:\/\/www.killertechwolf.com\/WordPressPages\/wp-content\/uploads\/2016\/01\/sar5new.jpg\" style=\" \" border=\"0\" src=\" http:\/\/www.killertechwolf.com\/WordPressPages\/wp-content\/uploads\/2016\/01\/sar5new.jpg \" alt=\"Smiley\" width=\"100%\"  height=\"auto\" >\n<\/p>\n<p style=\"width:33%; height: auto; float: left; \">\n<img decoding=\"async\" class=\"popup\" \n    href=\" http:\/\/www.killertechwolf.com\/WordPressPages\/wp-content\/uploads\/2016\/01\/sar6.jpg\" style=\" \" border=\"0\" src=\" http:\/\/www.killertechwolf.com\/WordPressPages\/wp-content\/uploads\/2016\/01\/sar6.jpg\" alt=\"Smiley\" width=\"100%\"  height=\"auto\" >\n<\/p>\n\n<\/div>\n\n<\/div><\/div>\n\t\t<\/div><\/div><div id=\"panel-745-0-0-3\" class=\"so-panel widget widget_text\" data-index=\"3\" ><div class=\"panel-widget-style panel-widget-style-for-745-0-0-3\" >\t\t\t<div class=\"textwidget\"><div style=\"width:100%;\"><center><b>Banja Luka<\/b><\/center>\n<div class=\"row\" style=\" width: 100%; height: auto; margin-bottom:0px; \">\n\n<p style=\"width:33%; height: auto; float: left; \">\n\n<img decoding=\"async\"  class=\"popup\" \n    href=\"  http:\/\/www.killertechwolf.com\/WordPressPages\/wp-content\/uploads\/2016\/01\/Cathedral-of-Christ.jpg\"  \nstyle=\" \" border=\"0\" src=\" http:\/\/www.killertechwolf.com\/WordPressPages\/wp-content\/uploads\/2016\/01\/Cathedral-of-Christ.jpg\" alt=\"Smiley\" width=\"100%\"  height=\"auto\" >\n\n<\/p>\n<p style=\"width:33%; height: auto; float: left; \">\n<img decoding=\"async\" class=\"popup\" \n    href=\"http:\/\/www.killertechwolf.com\/WordPressPages\/wp-content\/uploads\/2016\/01\/large_64404_rijekakrupa222.jpg\" style=\" \" border=\"0\" src=\" http:\/\/www.killertechwolf.com\/WordPressPages\/wp-content\/uploads\/2016\/01\/large_64404_rijekakrupa222.jpg\" alt=\"Smiley\" width=\"100%\"  height=\"auto\" >\n<\/p>\n<p style=\"width:33%; height: auto; float: left; \">\n<img decoding=\"async\" style=\" \" class=\"popup\" \n    href=\" http:\/\/www.killertechwolf.com\/WordPressPages\/wp-content\/uploads\/2016\/01\/Vrbas-River.jpg\" border=\"0\" src=\"http:\/\/www.killertechwolf.com\/WordPressPages\/wp-content\/uploads\/2016\/01\/Vrbas-River.jpg\" alt=\"Smiley\" width=\"100%\"  height=\"auto\" >\n<\/p>\n\n<\/div>\n\n<div class=\"row\" style=\"background-color: blue; width: 100%; height: auto; margin-top:0px;  \">\n\n<p style=\"width:33%; height: auto; float: left; \">\n<img decoding=\"async\" style=\" \" class=\"popup\" \n    href=\" http:\/\/www.killertechwolf.com\/WordPressPages\/wp-content\/uploads\/2016\/01\/sar4.jpg\" border=\"0\" src=\"http:\/\/www.killertechwolf.com\/WordPressPages\/wp-content\/uploads\/2016\/01\/sar4.jpg\" alt=\"Smiley\" width=\"100%\"  height=\"auto\" >\n\n\n<\/p>\n<p style=\"width:33%; height: auto; float: left; \">\n<img decoding=\"async\" class=\"popup\" \n    href=\" http:\/\/www.killertechwolf.com\/WordPressPages\/wp-content\/uploads\/2016\/01\/sar5new.jpg\" style=\" \" border=\"0\" src=\" http:\/\/www.killertechwolf.com\/WordPressPages\/wp-content\/uploads\/2016\/01\/sar5new.jpg \" alt=\"Smiley\" width=\"100%\"  height=\"auto\" >\n<\/p>\n<p style=\"width:33%; height: auto; float: left; \">\n<img decoding=\"async\" class=\"popup\" \n    href=\" http:\/\/www.killertechwolf.com\/WordPressPages\/wp-content\/uploads\/2016\/01\/sar6.jpg\" style=\" \" border=\"0\" src=\" http:\/\/www.killertechwolf.com\/WordPressPages\/wp-content\/uploads\/2016\/01\/sar6.jpg\" alt=\"Smiley\" width=\"100%\"  height=\"auto\" >\n<\/p>\n\n<\/div>\n\n<\/div><\/div>\n\t\t<\/div><\/div><div id=\"panel-745-0-0-4\" class=\"so-panel widget widget_text\" data-index=\"4\" ><div class=\"panel-widget-style panel-widget-style-for-745-0-0-4\" >\t\t\t<div class=\"textwidget\"><div style=\"width:100%;\"><center><b>Bijeljina<\/b><\/center>\n<div class=\"row\" style=\" width: 100%; height: auto; margin-bottom:0px; \">\n\n<p style=\"width:33%; height: auto; float: left; \">\n\n<img decoding=\"async\"  class=\"popup\" \n    href=\" http:\/\/www.killertechwolf.com\/WordPressPages\/wp-content\/uploads\/2016\/01\/Sar1.jpg\"  \nstyle=\" \" border=\"0\" src=\" http:\/\/www.killertechwolf.com\/WordPressPages\/wp-content\/uploads\/2016\/01\/Sar1.jpg\" alt=\"Smiley\" width=\"100%\"  height=\"auto\" >\n\n<\/p>\n<p style=\"width:33%; height: auto; float: left; \">\n<img decoding=\"async\" class=\"popup\" \n    href=\" http:\/\/www.killertechwolf.com\/WordPressPages\/wp-content\/uploads\/2016\/01\/sar2.jpg\" style=\" \" border=\"0\" src=\" http:\/\/www.killertechwolf.com\/WordPressPages\/wp-content\/uploads\/2016\/01\/sar2.jpg\" alt=\"Smiley\" width=\"100%\"  height=\"auto\" >\n<\/p>\n<p style=\"width:33%; height: auto; float: left; \">\n<img decoding=\"async\" style=\" \" class=\"popup\" \n    href=\" http:\/\/www.killertechwolf.com\/WordPressPages\/wp-content\/uploads\/2016\/01\/sar3.jpg\" border=\"0\" src=\" http:\/\/www.killertechwolf.com\/WordPressPages\/wp-content\/uploads\/2016\/01\/sar3.jpg\" alt=\"Smiley\" width=\"100%\"  height=\"auto\" >\n<\/p>\n\n<\/div>\n\n<div class=\"row\" style=\"background-color: blue; width: 100%; height: auto; margin-top:0px;  \">\n\n<p style=\"width:33%; height: auto; float: left; \">\n<img decoding=\"async\" style=\" \" class=\"popup\" \n    href=\" http:\/\/www.killertechwolf.com\/WordPressPages\/wp-content\/uploads\/2016\/01\/sar4.jpg\" border=\"0\" src=\"http:\/\/www.killertechwolf.com\/WordPressPages\/wp-content\/uploads\/2016\/01\/sar4.jpg\" alt=\"Smiley\" width=\"100%\"  height=\"auto\" >\n\n\n<\/p>\n<p style=\"width:33%; height: auto; float: left; \">\n<img decoding=\"async\" class=\"popup\" \n    href=\" http:\/\/www.killertechwolf.com\/WordPressPages\/wp-content\/uploads\/2016\/01\/sar5new.jpg\" style=\" \" border=\"0\" src=\" http:\/\/www.killertechwolf.com\/WordPressPages\/wp-content\/uploads\/2016\/01\/sar5new.jpg \" alt=\"Smiley\" width=\"100%\"  height=\"auto\" >\n<\/p>\n<p style=\"width:33%; height: auto; float: left; \">\n<img decoding=\"async\" class=\"popup\" \n    href=\" http:\/\/www.killertechwolf.com\/WordPressPages\/wp-content\/uploads\/2016\/01\/sar6.jpg\" style=\" \" border=\"0\" src=\" http:\/\/www.killertechwolf.com\/WordPressPages\/wp-content\/uploads\/2016\/01\/sar6.jpg\" alt=\"Smiley\" width=\"100%\"  height=\"auto\" >\n<\/p>\n\n<\/div>\n\n<\/div><\/div>\n\t\t<\/div><\/div><div id=\"panel-745-0-0-5\" class=\"so-panel widget widget_text panel-last-child\" data-index=\"5\" ><div class=\"panel-widget-style panel-widget-style-for-745-0-0-5\" >\t\t\t<div class=\"textwidget\"><div style=\"width:100%;\"><center><b>Tuzla<\/b><\/center>\n<div class=\"row\" style=\" width: 100%; height: auto; margin-bottom:0px; \">\n\n<p style=\"width:33%; height: auto; float: left; \">\n\n<img decoding=\"async\"  class=\"popup\" \n    href=\" http:\/\/www.killertechwolf.com\/WordPressPages\/wp-content\/uploads\/2016\/01\/Sar1.jpg\"  \nstyle=\" \" border=\"0\" src=\" http:\/\/www.killertechwolf.com\/WordPressPages\/wp-content\/uploads\/2016\/01\/Sar1.jpg\" alt=\"Smiley\" width=\"100%\"  height=\"auto\" >\n\n<\/p>\n<p style=\"width:33%; height: auto; float: left; \">\n<img decoding=\"async\" class=\"popup\" \n    href=\" http:\/\/www.killertechwolf.com\/WordPressPages\/wp-content\/uploads\/2016\/01\/sar2.jpg\" style=\" \" border=\"0\" src=\" http:\/\/www.killertechwolf.com\/WordPressPages\/wp-content\/uploads\/2016\/01\/sar2.jpg\" alt=\"Smiley\" width=\"100%\"  height=\"auto\" >\n<\/p>\n<p style=\"width:33%; height: auto; float: left; \">\n<img decoding=\"async\" style=\" \" class=\"popup\" \n    href=\" http:\/\/www.killertechwolf.com\/WordPressPages\/wp-content\/uploads\/2016\/01\/sar3.jpg\" border=\"0\" src=\" http:\/\/www.killertechwolf.com\/WordPressPages\/wp-content\/uploads\/2016\/01\/sar3.jpg\" alt=\"Smiley\" width=\"100%\"  height=\"auto\" >\n<\/p>\n\n<\/div>\n\n<div class=\"row\" style=\"background-color: blue; width: 100%; height: auto; margin-top:0px;  \">\n\n<p style=\"width:33%; height: auto; float: left; \">\n<img decoding=\"async\" style=\" \" class=\"popup\" \n    href=\" http:\/\/www.killertechwolf.com\/WordPressPages\/wp-content\/uploads\/2016\/01\/sar4.jpg\" border=\"0\" src=\"http:\/\/www.killertechwolf.com\/WordPressPages\/wp-content\/uploads\/2016\/01\/sar4.jpg\" alt=\"Smiley\" width=\"100%\"  height=\"auto\" >\n\n\n<\/p>\n<p style=\"width:33%; height: auto; float: left; \">\n<img decoding=\"async\" class=\"popup\" \n    href=\" http:\/\/www.killertechwolf.com\/WordPressPages\/wp-content\/uploads\/2016\/01\/sar5new.jpg\" style=\" \" border=\"0\" src=\" http:\/\/www.killertechwolf.com\/WordPressPages\/wp-content\/uploads\/2016\/01\/sar5new.jpg \" alt=\"Smiley\" width=\"100%\"  height=\"auto\" >\n<\/p>\n<p style=\"width:33%; height: auto; float: left; \">\n<img decoding=\"async\" class=\"popup\" \n    href=\" http:\/\/www.killertechwolf.com\/WordPressPages\/wp-content\/uploads\/2016\/01\/sar6.jpg\" style=\" \" border=\"0\" src=\" http:\/\/www.killertechwolf.com\/WordPressPages\/wp-content\/uploads\/2016\/01\/sar6.jpg\" alt=\"Smiley\" width=\"100%\"  height=\"auto\" >\n<\/p>\n\n<\/div>\n\n<\/div><\/div>\n\t\t<\/div><\/div><\/div><div id=\"pgc-745-0-1\"  class=\"panel-grid-cell\" ><div id=\"panel-745-0-1-0\" class=\"so-panel widget widget_text panel-first-child\" data-index=\"6\" ><div class=\"panel-widget-style panel-widget-style-for-745-0-1-0\" ><h3 class=\"widget-title\">Flag<\/h3>\t\t\t<div class=\"textwidget\"><div> \n<left>\n<a style=\"float: left; width:50%;\">\n<p style=\"padding: 2%;\">\n<img decoding=\"async\" style=\" \" border=\"0\" src=\"https:\/\/36.media.tumblr.com\/9904fdce8eb81562484db1d6986f1a76\/tumblr_miipnmVNkd1s5shrro1_400.jpg\" alt=\"Smiley\" width=\"100%\"  height=\"auto\" >\n<\/p>\n<p style=\"float: left; margin-left: 25%;\">\nAdopted on: February 4, 1998<\/br>\nProportion: 1:2<\/br>\nDesigned by: Carlos Westendorp<\/br>\nCountry: Bosnia and Herzegovina\n<\/p>\n<\/a>\n\n<a style=\"float: right; width:50%; padding: 2%;\">\n<p>\n<center>\n<img decoding=\"async\" style=\"\" border=\"0\" src=\"http:\/\/www.killertechwolf.com\/WordPressPages\/wp-content\/uploads\/2016\/01\/Coat_of_arms_of_Bosnia_and_Herzegovina_svg.png\" alt=\"Smiley\" width=\"47%\" height=\"auto\" ><\/center>\n<\/p>\n<p style=\"margin-top:2%;\">\nThe coat of arms of Bosnia and Herzegovina was adopted in 1998, replacing the previous design that had been in use since 1992 when Bosnia and Herzegovina gained independence. It follows the design of the national flag. The three pointed shield is used to symbolize the three major ethnic groups of Bosnia, as well as allude to the shape of the country.\n<\/p>\n<\/a>\n<\/div>\n\n<\/div>\n\t\t<\/div><\/div><div id=\"panel-745-0-1-1\" class=\"so-panel widget widget_text\" data-index=\"7\" ><h3 class=\"widget-title\">Map<\/h3>\t\t\t<div class=\"textwidget\"><center><img decoding=\"async\" border=\"0\" src=\"http:\/\/www.killertechwolf.com\/WordPressPages\/wp-content\/uploads\/2016\/01\/bosnia_pol.jpg\" alt=\"Smiley\" width=\"100%\" height=\"auto\"><\/center>\n\n<\/div>\n\t\t<\/div><div id=\"panel-745-0-1-2\" class=\"so-panel widget widget_text panel-last-child\" data-index=\"8\" ><div class=\"panel-widget-style panel-widget-style-for-745-0-1-2\" >\t\t\t<div class=\"textwidget\"><div style=\"width:100%;\"><center><b>Mostar<\/b><\/center>\n<div class=\"row\" style=\" width: 100%; height: auto; \">\n\n<p style=\"width:33.3%; height: auto; float: left; \">\n\n<img decoding=\"async\"  class=\"popup\" \n    href=\" http:\/\/www.killertechwolf.com\/WordPressPages\/wp-content\/uploads\/2016\/01\/Sar1.jpg\"  \nstyle=\" \" border=\"0\" src=\" http:\/\/www.killertechwolf.com\/WordPressPages\/wp-content\/uploads\/2016\/01\/Sar1.jpg\" alt=\"Smiley\" width=\"100%\"  height=\"auto\" >\n\n<\/p>\n<p style=\"width:33.3%; height: auto; float: left; \">\n<img decoding=\"async\" class=\"popup\" \n    href=\" http:\/\/www.killertechwolf.com\/WordPressPages\/wp-content\/uploads\/2016\/01\/sar2.jpg\" style=\" \" border=\"0\" src=\" http:\/\/www.killertechwolf.com\/WordPressPages\/wp-content\/uploads\/2016\/01\/sar2.jpg\" alt=\"Smiley\" width=\"100%\"  height=\"auto\" >\n<\/p>\n<p style=\"width:33.3%; height: auto; float: left; \">\n<img decoding=\"async\" style=\" \" class=\"popup\" \n    href=\" http:\/\/www.killertechwolf.com\/WordPressPages\/wp-content\/uploads\/2016\/01\/sar3.jpg\" border=\"0\" src=\" http:\/\/www.killertechwolf.com\/WordPressPages\/wp-content\/uploads\/2016\/01\/sar3.jpg\" alt=\"Smiley\" width=\"100%\"  height=\"auto\" >\n<\/p>\n\n<\/div>\n<center><b>Doboj<\/b><\/center>\n<div class=\"row\" style=\" width: 100%; height: auto; \">\n\n<p style=\"width:33.3%; height: auto; float: left; \">\n\n<img decoding=\"async\"  class=\"popup\" \n    href=\" http:\/\/www.killertechwolf.com\/WordPressPages\/wp-content\/uploads\/2016\/01\/Sar1.jpg\"  \nstyle=\" \" border=\"0\" src=\" http:\/\/www.killertechwolf.com\/WordPressPages\/wp-content\/uploads\/2016\/01\/Sar1.jpg\" alt=\"Smiley\" width=\"100%\"  height=\"auto\" >\n\n<\/p>\n<p style=\"width:33.3%; height: auto; float: left; \">\n<img decoding=\"async\" class=\"popup\" \n    href=\" http:\/\/www.killertechwolf.com\/WordPressPages\/wp-content\/uploads\/2016\/01\/sar2.jpg\" style=\" \" border=\"0\" src=\" http:\/\/www.killertechwolf.com\/WordPressPages\/wp-content\/uploads\/2016\/01\/sar2.jpg\" alt=\"Smiley\" width=\"100%\"  height=\"auto\" >\n<\/p>\n<p style=\"width:33.3%; height: auto; float: left; \">\n<img decoding=\"async\" style=\" \" class=\"popup\" \n    href=\" http:\/\/www.killertechwolf.com\/WordPressPages\/wp-content\/uploads\/2016\/01\/sar3.jpg\" border=\"0\" src=\" http:\/\/www.killertechwolf.com\/WordPressPages\/wp-content\/uploads\/2016\/01\/sar3.jpg\" alt=\"Smiley\" width=\"100%\"  height=\"auto\" >\n<\/p>\n\n<\/div>\n<center><b>Zenica<\/b><\/center>\n<div class=\"row\" style=\" width: 100%; height: auto; \">\n\n<p style=\"width:33.3%; height: auto; float: left; \">\n<img decoding=\"async\"  class=\"popup\" \n    href=\" http:\/\/www.killertechwolf.com\/WordPressPages\/wp-content\/uploads\/2016\/01\/Sar1.jpg\"  \nstyle=\" \" border=\"0\" src=\" http:\/\/www.killertechwolf.com\/WordPressPages\/wp-content\/uploads\/2016\/01\/Sar1.jpg\" alt=\"Smiley\" width=\"100%\"  height=\"auto\" >\n<\/p>\n\n<p style=\"width:33.3%; height: auto; float: left; \">\n<img decoding=\"async\" class=\"popup\" \n    href=\" http:\/\/www.killertechwolf.com\/WordPressPages\/wp-content\/uploads\/2016\/01\/sar2.jpg\" \nstyle=\" \" border=\"0\" src=\" http:\/\/www.killertechwolf.com\/WordPressPages\/wp-content\/uploads\/2016\/01\/sar2.jpg\" alt=\"Smiley\" width=\"100%\"  height=\"auto\" >\n<\/p>\n\n<p style=\"width:33.3%; height: auto; float: left; \">\n<img decoding=\"async\" class=\"popup\" \n    href=\" http:\/\/www.killertechwolf.com\/WordPressPages\/wp-content\/uploads\/2016\/01\/sar3.jpg\" \nstyle=\" \" border=\"0\" src=\" http:\/\/www.killertechwolf.com\/WordPressPages\/wp-content\/uploads\/2016\/01\/sar3.jpg\" alt=\"Smiley\" width=\"100%\"  height=\"auto\" >\n<\/p>\n\n<\/div>\n<\/div><\/div>\n\t\t<\/div><\/div><\/div><\/div><\/div><div id=\"pg-745-1\"  class=\"panel-grid panel-has-style\" ><div class=\"siteorigin-panels-stretch panel-row-style panel-row-style-for-745-1\" data-stretch-type=\"full-stretched\" ><div id=\"pgc-745-1-0\"  class=\"panel-grid-cell\" ><div id=\"panel-745-1-0-0\" class=\"so-panel widget widget_text panel-first-child panel-last-child\" data-index=\"9\" >\t\t\t<div class=\"textwidget\"> \n<\/div>\n\t\t<\/div><\/div><div id=\"pgc-745-1-1\"  class=\"panel-grid-cell\" ><div id=\"panel-745-1-1-0\" class=\"so-panel widget widget_text panel-first-child panel-last-child\" data-index=\"10\" ><h3 class=\"widget-title\">Culture<\/h3>\t\t\t<div class=\"textwidget\"><div style=\"width:100%; height: auto;\">\n<a style=\"display: inline; width: 100%; height: auto;  \">\n<p style=\" float: left; width: 25%; height: auto; \"  >\n\n<b>Language:<\/b> <br>\nBosnian<br>\nCroatian<br> \nSerbian<br>\n<br>\n<\/p>\n<p style=\" float: left; width: 25%; height: auto;  \">\n<b>Ethnic group:<\/b> <br>\n48.4% Bosniaks<br>\n32.7% Serbs<br>\n14.6% Croats<br>\n4.3% others<br>\n<br>\n<\/p>\n<p style=\" float: left; width: 25%; height: auto; \">\n<b>Population:<\/b><br>\n3,871643<br>\n<br>\n<p style=\" float: left; width: 25%; height: auto; \">\n<b>Religion:<\/b><br>\nMuslims 45%<br>\nChristian 52%<br>\nOther 2%<br>\n<\/p>\n<\/a>\n<a>\n<p style=\" float: left; \">\nBosnia and Herzegovina is characterised by its ethnic and religious diversity and visitors should respect the customs and traditions of the various ethnic and religious groups.<br>\n<\/p>\n<\/a>\n<\/div>\n\t\t<\/div><\/div><\/div><\/div><\/div>","protected":false},"excerpt":{"rendered":"<p>Continent: Europa Bosnia and Herzegovina, a country on the Balkan Peninsula in southeastern Europe, encompasses mountainous terrain, medieval villages and Muslim and Christian landmarks. Its countryside is marked by deep gorges, turquoise rivers and lakes, and the Dinaric Alps\u2019 forests and crags. It&#8217;s a popular destination for outdoor sports such as hiking, mountain biking, white-water&#8230;<\/p>\n","protected":false},"author":1,"featured_media":0,"parent":0,"menu_order":0,"comment_status":"closed","ping_status":"closed","template":"","meta":{"footnotes":""},"class_list":["post-745","page","type-page","status-publish","hentry"],"_links":{"self":[{"href":"http:\/\/www.killertechwolf.com\/WordPressPages\/wp-json\/wp\/v2\/pages\/745","targetHints":{"allow":["GET"]}}],"collection":[{"href":"http:\/\/www.killertechwolf.com\/WordPressPages\/wp-json\/wp\/v2\/pages"}],"about":[{"href":"http:\/\/www.killertechwolf.com\/WordPressPages\/wp-json\/wp\/v2\/types\/page"}],"author":[{"embeddable":true,"href":"http:\/\/www.killertechwolf.com\/WordPressPages\/wp-json\/wp\/v2\/users\/1"}],"replies":[{"embeddable":true,"href":"http:\/\/www.killertechwolf.com\/WordPressPages\/wp-json\/wp\/v2\/comments?post=745"}],"version-history":[{"count":57,"href":"http:\/\/www.killertechwolf.com\/WordPressPages\/wp-json\/wp\/v2\/pages\/745\/revisions"}],"predecessor-version":[{"id":784,"href":"http:\/\/www.killertechwolf.com\/WordPressPages\/wp-json\/wp\/v2\/pages\/745\/revisions\/784"}],"wp:attachment":[{"href":"http:\/\/www.killertechwolf.com\/WordPressPages\/wp-json\/wp\/v2\/media?parent=745"}],"curies":[{"name":"wp","href":"https:\/\/api.w.org\/{rel}","templated":true}]}}